{"id":2382,"date":"2017-06-30T09:55:04","date_gmt":"2017-06-30T09:55:04","guid":{"rendered":"https:\/\/www.atlantehotels.com\/cookies\/"},"modified":"2017-06-30T09:55:04","modified_gmt":"2017-06-30T09:55:04","slug":"cookies","status":"publish","type":"page","link":"https:\/\/www.atlantehotels.com\/en\/cookies\/","title":{"rendered":"Cookies"},"content":{"rendered":"<div class=\"wpb-content-wrapper\"><p>[vc_row][vc_column][vc_column_text]I cookie sono file di testo che vengono scaricati sul dispositivo quando visiti un sito. Essi consentono a un sito web di riconoscere il dispositivo dell&#8217;utente e le sue preferenze ed hanno finalit\u00e0 differenti come ad esempio permettere una navigazione migliore sul sito stesso o ricordare le preferenze dell&#8217;utente. In base alla loro finalit\u00e0 ed utilizzo i cookie possono suddividersi in: cookie tecnici; cookie di profilazione; cookie di terze parti.[\/vc_column_text][\/vc_column][\/vc_row][vc_row css=&#8221;.vc_custom_1658080585551{margin-top: 30px !important;}&#8221;][vc_column][vc_custom_heading text=&#8221;Le impostazioni dei cookie su questo sito&#8221; use_theme_fonts=&#8221;yes&#8221; css=&#8221;.vc_custom_1658080656487{padding-bottom: 20px !important;}&#8221;][vc_column_text]<strong>Cookie tecnici<\/strong>\u00a0I cookie tecnici sono quelli il cui utilizzo non richiede un consenso dell&#8217;Utente ai sensi dell&#8217;art 122 comma 1 del D.Lgs. 196\/2003. Tra questi segnaliamo quelli strettamente necessari senza i quali non sarebbe possibile utilizzare a pieno il sito. Questi cookie vengono utilizzati esclusivamente dal sito e sono cookie di prima parte. L&#8217;elenco dei cookie tecnici utilizzati sul sito, e la possibilit\u00e0 di disabilitarli, possono essere trovati in fondo alla pagina.<\/p>\n<p><strong>Cookie di profilazione<\/strong>\u00a0Su questo sito non sono presenti cookie di profilazione di prima parte.<\/p>\n<p><strong>Cookie di terze parti<\/strong>\u00a0Il presente sito web fa uso di cookie di terze parti, ovvero cookie gestiti ed analizzati da altri siti. Questi cookie vengono conservati sul dispositivo dell&#8217;utente attraverso l&#8217;uso di plugin o parti di codice generati direttamente dai siti fornitori. Nel dettaglio: Il sito include alcuni plugin di google Analytics che sono utilizzati per raccogliere ed analizzare dati di traffico e utilizzo del sito in modo anonimo. Questi cookie consentono di monitorare il sistema e migliorare usabilit\u00e0 e prestazioni. Questo sito non utilizza (e non consente a terzi di utilizzare) lo strumento di analisi di Google per monitorare o per raccogliere informazioni personali di identificazione. Google non associa l&#8217;indirizzo IP a nessun altro dato posseduto da Google n\u00e9 cerca di collegare un indirizzo IP con l&#8217;identit\u00e0 di un utente. Google pu\u00f2 anche comunicare queste informazioni a terzi ove ci\u00f2 sia imposto dalla legge o laddove tali terzi trattino le suddette informazioni per conto di Google. Per ulteriori informazioni, si rinvia al link di seguito indicato:\u00a0<a href=\"https:\/\/www.google.it\/policies\/privacy\/partners\/\">\u00a0https:\/\/www.google.it\/polidcies\/privacy\/partners\/<\/a>\u00a0L&#8217;utente pu\u00f2 disabilitare Google Analytics al seguente link:\u00a0<a href=\"https:\/\/tools.google.com\/dlpage\/gaoptout\">\u00a0https:\/\/tools.google.com\/dlpage\/gaoptout<\/a>\u00a0Questo sito utilizza social plugin che fanno s\u00ec che venga conservato un cookie inviato e trattato dai social stessi. Si tratta di parti della pagina generata direttamente dai siti dei social. La possibile presenza di video da Youtube e mappe da Google Maps sul sito comporta che vengano conservati dei cookie da parte di Google e la loro trasmissione da e verso siti gestiti da terze parti. La presenza di cookie di terze parti infine comporta la trasmissione dei cookie da e verso tutti i siti gestiti da terze parti ed \u00e8 disciplinata dalle relative informative a cui fare riferimento che si trovano in fondo alla presente informativa.[\/vc_column_text][\/vc_column][\/vc_row][vc_row css=&#8221;.vc_custom_1658080585551{margin-top: 30px !important;}&#8221;][vc_column][vc_custom_heading text=&#8221;Disabilitazione dei cookies&#8221; use_theme_fonts=&#8221;yes&#8221; css=&#8221;.vc_custom_1658080801297{padding-bottom: 20px !important;}&#8221;][vc_column_text]Fermo restando quanto sopra indicato in ordine ai cookie strettamente necessari alla navigazione, l&#8217;utente pu\u00f2 eliminare i cookie attraverso gli strumenti preposti presenti in fondo alla presente informativa e cancellarli tramite il proprio browser. Ogni browser ha differenti procedure per gestire le preferenze. Si possono ricevere istruzioni dettagliate utilizzando i link sottostanti.<\/p>\n<p><a href=\"https:\/\/support.microsoft.com\/it-it\/kb\/278835\">Microsoft Windows Explorer, come abilitare\/disabilitare i cookie<\/a><\/p>\n<p><a href=\"https:\/\/support.google.com\/chrome\/bin\/answer.py?hl=it&amp;answer=95647&amp;p=cpn_cookies\">Google Chrome, gestione dei cookie<\/a><\/p>\n<p><a href=\"https:\/\/support.mozilla.org\/it\/kb\/Attivare%20e%20disattivare%20i%20cookie\">Mozilla Firefox, attivare e disattivare i cookie<\/a><\/p>\n<p><a href=\"http:\/\/support.apple.com\/kb\/PH17191?viewlocale=it_IT&amp;locale=it_IT\">Apple Safari, gestire i cookie<\/a>[\/vc_column_text][\/vc_column][\/vc_row][vc_row css=&#8221;.vc_custom_1658080585551{margin-top: 30px !important;}&#8221;][vc_column][vc_custom_heading text=&#8221;Cookie tecnici&#8221; use_theme_fonts=&#8221;yes&#8221; css=&#8221;.vc_custom_1658080860414{padding-bottom: 20px !important;}&#8221;][vc_column_text]<strong>Cookie di sessione<\/strong>: Questo cookie di sessione etichetta l&#8217;utente con un ID durante l&#8217;utilizzo del sito in modo tale che i web server possano rispondere alle sue richieste (es. fornendo informazioni mirate).<\/p>\n<p><strong>Informazioni<\/strong>: Durata: Sessione<\/p>\n<p><strong>_cookiepolicy<\/strong>: Questo cookie tiene traccia se un utente ha accettato o meno l&#8217;uso dei diversi tipi di cookie del sito web. Il cookie \u00e8 di tipo permanente ed \u00e8 cancellato in caso di sue modifiche.<\/p>\n<p><strong>Informazioni<\/strong>: Durata: Sessione<\/p>\n<p><strong>Google Analytics<\/strong>: Su questo sito si utilizza un servizio di analisi web fornito da Google Inc. I cookie vengono elaborati allo scopo di redigere report statistici, di tipo aggregato, utili per valutare come il sito viene utilizzato da parte del visitatore.<\/p>\n<p><strong>Informazioni<\/strong>:\u00a0<a href=\"http:\/\/www.google.com\/intl\/it_ALL\/analytics\/learn\/privacy.html\">\u00a0Link informativa<\/a>[\/vc_column_text][\/vc_column][\/vc_row][vc_row css=&#8221;.vc_custom_1658080585551{margin-top: 30px !important;}&#8221;][vc_column][vc_custom_heading text=&#8221;Cookie di terze parti&#8221; use_theme_fonts=&#8221;yes&#8221; css=&#8221;.vc_custom_1658080908926{padding-bottom: 20px !important;}&#8221;][vc_column_text]<strong>Google Maps<\/strong>:<\/p>\n<p>Questo cookie viene elaborato da Google al fine di fornire contenuti pertinenti alla navigazione e alle preferenze dell&#8217;utente; Su questo sito, Google Maps viene utilizzato esclusivamente per visualizzare la posizione dell&#8217;azienda<\/p>\n<p><strong>Informazioni<\/strong>:\u00a0\u00a0<a href=\"https:\/\/policies.google.com\/technologies\/product-privacy?hl=it&amp;;gl=en\">link<\/a><\/p>\n<p><strong>Google Analytics<\/strong><\/p>\n<p>Google Analytics \u00e8 un servizio di Web Analytics, fornito da Google, che consente di analizzare delle dettagliate statistiche sui visitatori del nostro sito web; \u00e8 stata impostata la funzione di anonimizzazione, che lo rende equiparabile ad un cookie tecnico.<\/p>\n<p>Luogo del trattamento: USA \u2013\u00a0<a href=\"https:\/\/policies.google.com\/privacy?hl=it\">\u00a0Privacy Policy<\/a>\u00a0&#8211; Vai al\u00a0<a href=\"https:\/\/analytics.google.com\/analytics\/web\/\">\u00a0sito ufficiale<\/a>\u00a0per ulteriori informazioni[\/vc_column_text][\/vc_column][\/vc_row]<\/p>\n<\/div>","protected":false},"excerpt":{"rendered":"<p>[vc_row][vc_column][vc_column_text]I cookie sono file di testo che vengono scaricati sul dispositivo quando visiti un sito. Essi consentono a un sito web di riconoscere il dispositivo dell&#8217;utente e le sue preferenze ed hanno finalit\u00e0 differenti come ad esempio permettere una navigazione migliore sul sito stesso o ricordare le preferenze dell&#8217;utente. In base alla loro finalit\u00e0 ed [&hellip;]<\/p>\n","protected":false},"author":1,"featured_media":0,"parent":0,"menu_order":0,"comment_status":"closed","ping_status":"closed","template":"","meta":{"footnotes":""},"class_list":["post-2382","page","type-page","status-publish","hentry"],"yoast_head":"<!-- This site is optimized with the Yoast SEO plugin v26.3 - https:\/\/yoast.com\/wordpress\/plugins\/seo\/ -->\n<title>Cookies - Atlante Hotels<\/title>\n<meta name=\"robots\" content=\"index, follow, max-snippet:-1, max-image-preview:large, max-video-preview:-1\" \/>\n<link rel=\"canonical\" href=\"https:\/\/www.atlantehotels.com\/en\/cookies\/\" \/>\n<meta property=\"og:locale\" content=\"en_US\" \/>\n<meta property=\"og:type\" content=\"article\" \/>\n<meta property=\"og:title\" content=\"Cookies - Atlante Hotels\" \/>\n<meta property=\"og:description\" content=\"[vc_row][vc_column][vc_column_text]I cookie sono file di testo che vengono scaricati sul dispositivo quando visiti un sito. Essi consentono a un sito web di riconoscere il dispositivo dell&#8217;utente e le sue preferenze ed hanno finalit\u00e0 differenti come ad esempio permettere una navigazione migliore sul sito stesso o ricordare le preferenze dell&#8217;utente. In base alla loro finalit\u00e0 ed [&hellip;]\" \/>\n<meta property=\"og:url\" content=\"https:\/\/www.atlantehotels.com\/en\/cookies\/\" \/>\n<meta property=\"og:site_name\" content=\"Atlante Hotels\" \/>\n<meta property=\"article:publisher\" content=\"https:\/\/www.facebook.com\/ristorantelesetoiles\" \/>\n<meta property=\"og:image\" content=\"https:\/\/www.atlantehotels.com\/wp-content\/uploads\/2022\/05\/ristorante-les-etoiles-roma-4.jpg\" \/>\n\t<meta property=\"og:image:width\" content=\"1200\" \/>\n\t<meta property=\"og:image:height\" content=\"731\" \/>\n\t<meta property=\"og:image:type\" content=\"image\/jpeg\" \/>\n<meta name=\"twitter:card\" content=\"summary_large_image\" \/>\n<meta name=\"twitter:label1\" content=\"Est. reading time\" \/>\n\t<meta name=\"twitter:data1\" content=\"4 minutes\" \/>\n<script type=\"application\/ld+json\" class=\"yoast-schema-graph\">{\"@context\":\"https:\/\/schema.org\",\"@graph\":[{\"@type\":\"WebPage\",\"@id\":\"https:\/\/www.atlantehotels.com\/en\/cookies\/\",\"url\":\"https:\/\/www.atlantehotels.com\/en\/cookies\/\",\"name\":\"Cookies - Atlante Hotels\",\"isPartOf\":{\"@id\":\"https:\/\/www.atlantehotels.com\/en\/#website\"},\"datePublished\":\"2017-06-30T09:55:04+00:00\",\"breadcrumb\":{\"@id\":\"https:\/\/www.atlantehotels.com\/en\/cookies\/#breadcrumb\"},\"inLanguage\":\"en-US\",\"potentialAction\":[{\"@type\":\"ReadAction\",\"target\":[\"https:\/\/www.atlantehotels.com\/en\/cookies\/\"]}]},{\"@type\":\"BreadcrumbList\",\"@id\":\"https:\/\/www.atlantehotels.com\/en\/cookies\/#breadcrumb\",\"itemListElement\":[{\"@type\":\"ListItem\",\"position\":1,\"name\":\"Home\",\"item\":\"https:\/\/www.atlantehotels.com\/en\/\"},{\"@type\":\"ListItem\",\"position\":2,\"name\":\"Cookies\"}]},{\"@type\":\"WebSite\",\"@id\":\"https:\/\/www.atlantehotels.com\/en\/#website\",\"url\":\"https:\/\/www.atlantehotels.com\/en\/\",\"name\":\"Atlante Hotels\",\"description\":\"Atlante Hotels Roma\",\"publisher\":{\"@id\":\"https:\/\/www.atlantehotels.com\/en\/#organization\"},\"potentialAction\":[{\"@type\":\"SearchAction\",\"target\":{\"@type\":\"EntryPoint\",\"urlTemplate\":\"https:\/\/www.atlantehotels.com\/en\/?s={search_term_string}\"},\"query-input\":{\"@type\":\"PropertyValueSpecification\",\"valueRequired\":true,\"valueName\":\"search_term_string\"}}],\"inLanguage\":\"en-US\"},{\"@type\":\"Organization\",\"@id\":\"https:\/\/www.atlantehotels.com\/en\/#organization\",\"name\":\"Atlante Hotels\",\"url\":\"https:\/\/www.atlantehotels.com\/en\/\",\"logo\":{\"@type\":\"ImageObject\",\"inLanguage\":\"en-US\",\"@id\":\"https:\/\/www.atlantehotels.com\/en\/#\/schema\/logo\/image\/\",\"url\":\"https:\/\/www.atlantehotels.com\/wp-content\/uploads\/2022\/04\/Atlante_logo.png\",\"contentUrl\":\"https:\/\/www.atlantehotels.com\/wp-content\/uploads\/2022\/04\/Atlante_logo.png\",\"width\":250,\"height\":250,\"caption\":\"Atlante Hotels\"},\"image\":{\"@id\":\"https:\/\/www.atlantehotels.com\/en\/#\/schema\/logo\/image\/\"},\"sameAs\":[\"https:\/\/www.facebook.com\/ristorantelesetoiles\",\"https:\/\/www.instagram.com\/atlantehotels\/\"]}]}<\/script>\n<!-- \/ Yoast SEO plugin. -->","yoast_head_json":{"title":"Cookies - Atlante Hotels","robots":{"index":"index","follow":"follow","max-snippet":"max-snippet:-1","max-image-preview":"max-image-preview:large","max-video-preview":"max-video-preview:-1"},"canonical":"https:\/\/www.atlantehotels.com\/en\/cookies\/","og_locale":"en_US","og_type":"article","og_title":"Cookies - Atlante Hotels","og_description":"[vc_row][vc_column][vc_column_text]I cookie sono file di testo che vengono scaricati sul dispositivo quando visiti un sito. Essi consentono a un sito web di riconoscere il dispositivo dell&#8217;utente e le sue preferenze ed hanno finalit\u00e0 differenti come ad esempio permettere una navigazione migliore sul sito stesso o ricordare le preferenze dell&#8217;utente. In base alla loro finalit\u00e0 ed [&hellip;]","og_url":"https:\/\/www.atlantehotels.com\/en\/cookies\/","og_site_name":"Atlante Hotels","article_publisher":"https:\/\/www.facebook.com\/ristorantelesetoiles","og_image":[{"width":1200,"height":731,"url":"https:\/\/www.atlantehotels.com\/wp-content\/uploads\/2022\/05\/ristorante-les-etoiles-roma-4.jpg","type":"image\/jpeg"}],"twitter_card":"summary_large_image","twitter_misc":{"Est. reading time":"4 minutes"},"schema":{"@context":"https:\/\/schema.org","@graph":[{"@type":"WebPage","@id":"https:\/\/www.atlantehotels.com\/en\/cookies\/","url":"https:\/\/www.atlantehotels.com\/en\/cookies\/","name":"Cookies - Atlante Hotels","isPartOf":{"@id":"https:\/\/www.atlantehotels.com\/en\/#website"},"datePublished":"2017-06-30T09:55:04+00:00","breadcrumb":{"@id":"https:\/\/www.atlantehotels.com\/en\/cookies\/#breadcrumb"},"inLanguage":"en-US","potentialAction":[{"@type":"ReadAction","target":["https:\/\/www.atlantehotels.com\/en\/cookies\/"]}]},{"@type":"BreadcrumbList","@id":"https:\/\/www.atlantehotels.com\/en\/cookies\/#breadcrumb","itemListElement":[{"@type":"ListItem","position":1,"name":"Home","item":"https:\/\/www.atlantehotels.com\/en\/"},{"@type":"ListItem","position":2,"name":"Cookies"}]},{"@type":"WebSite","@id":"https:\/\/www.atlantehotels.com\/en\/#website","url":"https:\/\/www.atlantehotels.com\/en\/","name":"Atlante Hotels","description":"Atlante Hotels Roma","publisher":{"@id":"https:\/\/www.atlantehotels.com\/en\/#organization"},"potentialAction":[{"@type":"SearchAction","target":{"@type":"EntryPoint","urlTemplate":"https:\/\/www.atlantehotels.com\/en\/?s={search_term_string}"},"query-input":{"@type":"PropertyValueSpecification","valueRequired":true,"valueName":"search_term_string"}}],"inLanguage":"en-US"},{"@type":"Organization","@id":"https:\/\/www.atlantehotels.com\/en\/#organization","name":"Atlante Hotels","url":"https:\/\/www.atlantehotels.com\/en\/","logo":{"@type":"ImageObject","inLanguage":"en-US","@id":"https:\/\/www.atlantehotels.com\/en\/#\/schema\/logo\/image\/","url":"https:\/\/www.atlantehotels.com\/wp-content\/uploads\/2022\/04\/Atlante_logo.png","contentUrl":"https:\/\/www.atlantehotels.com\/wp-content\/uploads\/2022\/04\/Atlante_logo.png","width":250,"height":250,"caption":"Atlante Hotels"},"image":{"@id":"https:\/\/www.atlantehotels.com\/en\/#\/schema\/logo\/image\/"},"sameAs":["https:\/\/www.facebook.com\/ristorantelesetoiles","https:\/\/www.instagram.com\/atlantehotels\/"]}]}},"_links":{"self":[{"href":"https:\/\/www.atlantehotels.com\/en\/wp-json\/wp\/v2\/pages\/2382","targetHints":{"allow":["GET"]}}],"collection":[{"href":"https:\/\/www.atlantehotels.com\/en\/wp-json\/wp\/v2\/pages"}],"about":[{"href":"https:\/\/www.atlantehotels.com\/en\/wp-json\/wp\/v2\/types\/page"}],"author":[{"embeddable":true,"href":"https:\/\/www.atlantehotels.com\/en\/wp-json\/wp\/v2\/users\/1"}],"replies":[{"embeddable":true,"href":"https:\/\/www.atlantehotels.com\/en\/wp-json\/wp\/v2\/comments?post=2382"}],"version-history":[{"count":0,"href":"https:\/\/www.atlantehotels.com\/en\/wp-json\/wp\/v2\/pages\/2382\/revisions"}],"wp:attachment":[{"href":"https:\/\/www.atlantehotels.com\/en\/wp-json\/wp\/v2\/media?parent=2382"}],"curies":[{"name":"wp","href":"https:\/\/api.w.org\/{rel}","templated":true}]}}